{"id":103,"date":"2023-01-12T10:23:42","date_gmt":"2023-01-12T09:23:42","guid":{"rendered":"https:\/\/eebs.dk\/?page_id=103"},"modified":"2025-02-13T16:10:42","modified_gmt":"2025-02-13T15:10:42","slug":"begrebet-angst-hos-kierkegaard","status":"publish","type":"page","link":"https:\/\/eebs.dk\/index.php\/begrebet-angst-hos-kierkegaard\/","title":{"rendered":"Begrebet Angst hos Kierkegaard"},"content":{"rendered":"<p style=\"text-align: left;\"><img loading=\"lazy\" decoding=\"async\" class=\"size-medium wp-image-277 alignleft\" src=\"https:\/\/eebs.dk\/wp-content\/uploads\/2023\/02\/Begrebet-Angst-225x300.jpg\" alt=\"\" width=\"225\" height=\"300\" srcset=\"https:\/\/eebs.dk\/wp-content\/uploads\/2023\/02\/Begrebet-Angst-225x300.jpg 225w, https:\/\/eebs.dk\/wp-content\/uploads\/2023\/02\/Begrebet-Angst-768x1023.jpg 768w, https:\/\/eebs.dk\/wp-content\/uploads\/2023\/02\/Begrebet-Angst.jpg 800w\" sizes=\"auto, (max-width: 225px) 100vw, 225px\" \/>Torsdag d. 16. september kl. 13 Dokk1,M2<br \/>\n<strong>&#8220;BEGREBET ANGST\u201d <\/strong><br \/>\n<strong>hos S\u00f8ren Kierkegaard&#8221;<\/strong><br \/>\nOpl\u00e6g af mag.art. Kristian Lambertsen, tidligere ekstern lektor,<br \/>\nInstitut for Kultur og Samfund Filosofi og Idehistorie, Aarhus Universitet<\/p>\n<p>Et n\u00f8gleskrift for eksistentialismen<br \/>\nUskylden er en enhed af det \u00e5ndelige og legemlige. Men den dr\u00f8mmende \u00e5nd aner angsten.<br \/>\nVi v\u00e5gner til muligheden for at v\u00e6lge, hermed er skellet mellem godt og ondt sat.<br \/>\nI friheden sv\u00e6ver mennesket i usikkerhed. Kierkegaard indkredser det menneskelige dilemma.<\/p>\n","protected":false},"excerpt":{"rendered":"<p>Torsdag d. 16. september kl. 13 Dokk1,M2 &#8220;BEGREBET ANGST\u201d hos S\u00f8ren Kierkegaard&#8221; Opl\u00e6g af mag.art. Kristian Lambertsen, tidligere ekstern lektor, Institut for Kultur og Samfund Filosofi og Idehistorie, Aarhus Universitet&hellip; <br \/> <a class=\"read-more\" href=\"https:\/\/eebs.dk\/index.php\/begrebet-angst-hos-kierkegaard\/\">Read more<\/a><\/p>\n","protected":false},"author":1,"featured_media":0,"parent":0,"menu_order":0,"comment_status":"closed","ping_status":"closed","template":"","meta":{"_monsterinsights_skip_tracking":false,"_monsterinsights_sitenote_active":false,"_monsterinsights_sitenote_note":"","_monsterinsights_sitenote_category":0,"footnotes":""},"class_list":["post-103","page","type-page","status-publish","hentry"],"aioseo_notices":[],"_links":{"self":[{"href":"https:\/\/eebs.dk\/index.php\/wp-json\/wp\/v2\/pages\/103","targetHints":{"allow":["GET"]}}],"collection":[{"href":"https:\/\/eebs.dk\/index.php\/wp-json\/wp\/v2\/pages"}],"about":[{"href":"https:\/\/eebs.dk\/index.php\/wp-json\/wp\/v2\/types\/page"}],"author":[{"embeddable":true,"href":"https:\/\/eebs.dk\/index.php\/wp-json\/wp\/v2\/users\/1"}],"replies":[{"embeddable":true,"href":"https:\/\/eebs.dk\/index.php\/wp-json\/wp\/v2\/comments?post=103"}],"version-history":[{"count":2,"href":"https:\/\/eebs.dk\/index.php\/wp-json\/wp\/v2\/pages\/103\/revisions"}],"predecessor-version":[{"id":278,"href":"https:\/\/eebs.dk\/index.php\/wp-json\/wp\/v2\/pages\/103\/revisions\/278"}],"wp:attachment":[{"href":"https:\/\/eebs.dk\/index.php\/wp-json\/wp\/v2\/media?parent=103"}],"curies":[{"name":"wp","href":"https:\/\/api.w.org\/{rel}","templated":true}]}}