{"id":106,"date":"2023-01-12T10:29:15","date_gmt":"2023-01-12T09:29:15","guid":{"rendered":"https:\/\/eebs.dk\/?page_id=106"},"modified":"2025-02-13T16:15:06","modified_gmt":"2025-02-13T15:15:06","slug":"kosmologi-og-aestetik","status":"publish","type":"page","link":"https:\/\/eebs.dk\/index.php\/kosmologi-og-aestetik\/","title":{"rendered":"Kosmologi og \u00c6stetik"},"content":{"rendered":"<p style=\"text-align: left;\"><span style=\"font-family: 'book antiqua', palatino, serif;\"><span style=\"font-size: 24px;\"><span style=\"color: #333333;\"><span style=\"background-color: transparent;\"><img loading=\"lazy\" decoding=\"async\" class=\"size-medium wp-image-286 alignleft\" src=\"https:\/\/eebs.dk\/wp-content\/uploads\/2023\/02\/Kosmologi-og-aestetik-300x161.jpg\" alt=\"\" width=\"300\" height=\"161\" srcset=\"https:\/\/eebs.dk\/wp-content\/uploads\/2023\/02\/Kosmologi-og-aestetik-300x161.jpg 300w, https:\/\/eebs.dk\/wp-content\/uploads\/2023\/02\/Kosmologi-og-aestetik-768x413.jpg 768w, https:\/\/eebs.dk\/wp-content\/uploads\/2023\/02\/Kosmologi-og-aestetik.jpg 1000w\" sizes=\"auto, (max-width: 300px) 100vw, 300px\" \/>Fredag d. 03. december 2021 kl. 13.30<\/span><\/span><\/span><\/span><\/p>\n<p>af mag.art., ph.d. Inga R. Gammel<br \/>\nAarhus Universitet<\/p>\n<p><span style=\"color: #333333;\">I den gr\u00e6ske naturfilosofi opst\u00e5r der tradition for at anvende udtrykket kosmos i forbindelse med verdens tilblivelse. Ordet kosmos antyder, verdensaltet er velordnet og smukt. Moderne naturfilosofi bruger stadig ordet kosmos, og studier af universet hedder kosmologi. Hvorfor er kosmologit\u00e6nkning forbundet med \u00e6stetik? Og hvorfor bliver sk\u00f8nhed et problem i en moderne sammenh\u00e6ng?<\/span><\/p>\n<p>Dokk1,M2<\/p>\n<h6><\/h6>\n","protected":false},"excerpt":{"rendered":"<p>Fredag d. 03. december 2021 kl. 13.30 af mag.art., ph.d. Inga R. Gammel Aarhus Universitet I den gr\u00e6ske naturfilosofi opst\u00e5r der tradition for at anvende udtrykket kosmos i forbindelse med&hellip; <br \/> <a class=\"read-more\" href=\"https:\/\/eebs.dk\/index.php\/kosmologi-og-aestetik\/\">Read more<\/a><\/p>\n","protected":false},"author":1,"featured_media":0,"parent":0,"menu_order":0,"comment_status":"closed","ping_status":"closed","template":"","meta":{"_monsterinsights_skip_tracking":false,"_monsterinsights_sitenote_active":false,"_monsterinsights_sitenote_note":"","_monsterinsights_sitenote_category":0,"footnotes":""},"class_list":["post-106","page","type-page","status-publish","hentry"],"aioseo_notices":[],"_links":{"self":[{"href":"https:\/\/eebs.dk\/index.php\/wp-json\/wp\/v2\/pages\/106","targetHints":{"allow":["GET"]}}],"collection":[{"href":"https:\/\/eebs.dk\/index.php\/wp-json\/wp\/v2\/pages"}],"about":[{"href":"https:\/\/eebs.dk\/index.php\/wp-json\/wp\/v2\/types\/page"}],"author":[{"embeddable":true,"href":"https:\/\/eebs.dk\/index.php\/wp-json\/wp\/v2\/users\/1"}],"replies":[{"embeddable":true,"href":"https:\/\/eebs.dk\/index.php\/wp-json\/wp\/v2\/comments?post=106"}],"version-history":[{"count":2,"href":"https:\/\/eebs.dk\/index.php\/wp-json\/wp\/v2\/pages\/106\/revisions"}],"predecessor-version":[{"id":287,"href":"https:\/\/eebs.dk\/index.php\/wp-json\/wp\/v2\/pages\/106\/revisions\/287"}],"wp:attachment":[{"href":"https:\/\/eebs.dk\/index.php\/wp-json\/wp\/v2\/media?parent=106"}],"curies":[{"name":"wp","href":"https:\/\/api.w.org\/{rel}","templated":true}]}}