{"id":109,"date":"2023-01-12T10:32:36","date_gmt":"2023-01-12T09:32:36","guid":{"rendered":"https:\/\/eebs.dk\/?page_id=109"},"modified":"2025-02-13T16:40:37","modified_gmt":"2025-02-13T15:40:37","slug":"strejf-af-morkegront","status":"publish","type":"page","link":"https:\/\/eebs.dk\/index.php\/strejf-af-morkegront\/","title":{"rendered":"Strejf af M\u00f8rkegr\u00f8nt"},"content":{"rendered":"<p><span style=\"font-family: 'book antiqua', palatino, serif;\"><span style=\"font-size: 24px;\">Fredag d. 13. november kl. 13.30<\/span><br \/>\n<\/span><span style=\"font-family: 'book antiqua', palatino, serif;\">Opl\u00e6g af Ph.d. Niels Wilde<br \/>\nAarhus Universitet<br \/>\n<\/span><\/p>\n<p><span style=\"font-family: 'book antiqua', palatino, serif;\"><em>om jord, vand, luft og ild hos S\u00f8ren Kierkegaard<\/em><\/span><\/p>\n<p><span style=\"font-family: 'book antiqua', palatino, serif;\">S\u00f8ren Kierkegaard er kendt for sine dybdeg\u00e5ende analyser og omfangsrige observationer af den menneskelige tilv\u00e6relse p\u00e5 godt og ondt. Fra skrivepulten i huset p\u00e5 Nytorv i Guldalderens K\u00f8benhavn, hvor han nedf\u00e6ldede sine tanker om Adam og Eva, spidsborgeren og publikum, troens ridder og det enkelte menneske, f\u00f8lger vi med Kierkegaard ud af byen, ind i skoven, hen p\u00e5 stranden til sivene, der hvisker for vinden og ud p\u00e5 marken under Guds himmel, hvor det tr\u00e6kker op til uvejr. <\/span><span style=\"font-family: 'book antiqua', palatino, serif;\">I dette foredrag belyses Kierkegaards t\u00e6nkning med naturen som ledetr\u00e5d. Hvilken rolle spillede naturen for Kierkegaard? Hvad betyder \u2019natur\u2019 i en eksistensfilosofisk sammenh\u00e6ng? Selvom dette emne sj\u00e6ldent har v\u00e6ret behandlet endsige ber\u00f8rt indenfor Kierkegaard-forskningen, mener Niels Wilde, at Kierkegaard opererer med et differentieret og frugtbart naturbegreb, der fortjener en \u00f8get opm\u00e6rksomhed. Foruden k\u00e6rlighedens blussende r\u00f8dme og patologiernes sortsyn, er det p\u00e5 tide at unders\u00f8ge alle de strejf af gr\u00f8nne nuancer, som vi ogs\u00e5 finder i Kierkegaards forunderlige farvespektrum.<\/span><\/p>\n<p>&nbsp;<\/p>\n<p><span style=\"font-family: 'book antiqua', palatino, serif;\"><a href=\"https:\/\/dokk1.dk\/\">\u00a0Hovedbiblioteket Dokk1,M2<\/a><\/span><\/p>\n<p><span style=\"font-family: 'book antiqua', palatino, serif;\">\u00a0<\/span><\/p>\n","protected":false},"excerpt":{"rendered":"<p>Fredag d. 13. november kl. 13.30 Opl\u00e6g af Ph.d. Niels Wilde Aarhus Universitet om jord, vand, luft og ild hos S\u00f8ren Kierkegaard S\u00f8ren Kierkegaard er kendt for sine dybdeg\u00e5ende analyser&hellip; <br \/> <a class=\"read-more\" href=\"https:\/\/eebs.dk\/index.php\/strejf-af-morkegront\/\">Read more<\/a><\/p>\n","protected":false},"author":1,"featured_media":0,"parent":0,"menu_order":0,"comment_status":"closed","ping_status":"closed","template":"","meta":{"_monsterinsights_skip_tracking":false,"_monsterinsights_sitenote_active":false,"_monsterinsights_sitenote_note":"","_monsterinsights_sitenote_category":0,"footnotes":""},"class_list":["post-109","page","type-page","status-publish","hentry"],"aioseo_notices":[],"_links":{"self":[{"href":"https:\/\/eebs.dk\/index.php\/wp-json\/wp\/v2\/pages\/109","targetHints":{"allow":["GET"]}}],"collection":[{"href":"https:\/\/eebs.dk\/index.php\/wp-json\/wp\/v2\/pages"}],"about":[{"href":"https:\/\/eebs.dk\/index.php\/wp-json\/wp\/v2\/types\/page"}],"author":[{"embeddable":true,"href":"https:\/\/eebs.dk\/index.php\/wp-json\/wp\/v2\/users\/1"}],"replies":[{"embeddable":true,"href":"https:\/\/eebs.dk\/index.php\/wp-json\/wp\/v2\/comments?post=109"}],"version-history":[{"count":2,"href":"https:\/\/eebs.dk\/index.php\/wp-json\/wp\/v2\/pages\/109\/revisions"}],"predecessor-version":[{"id":902,"href":"https:\/\/eebs.dk\/index.php\/wp-json\/wp\/v2\/pages\/109\/revisions\/902"}],"wp:attachment":[{"href":"https:\/\/eebs.dk\/index.php\/wp-json\/wp\/v2\/media?parent=109"}],"curies":[{"name":"wp","href":"https:\/\/api.w.org\/{rel}","templated":true}]}}