{"id":115,"date":"2023-01-12T10:42:26","date_gmt":"2023-01-12T09:42:26","guid":{"rendered":"https:\/\/eebs.dk\/?page_id=115"},"modified":"2025-02-13T16:27:23","modified_gmt":"2025-02-13T15:27:23","slug":"seneca-begaerets-terapi","status":"publish","type":"page","link":"https:\/\/eebs.dk\/index.php\/seneca-begaerets-terapi\/","title":{"rendered":"Seneca &#8211; Beg\u00e6rets Terapi"},"content":{"rendered":"<h3 style=\"text-align: left;\"><img loading=\"lazy\" decoding=\"async\" class=\"size-medium wp-image-302 alignleft\" src=\"https:\/\/eebs.dk\/wp-content\/uploads\/2023\/02\/Seneca-begaerets-terapi.2-300x240.jpg\" alt=\"\" width=\"300\" height=\"240\" srcset=\"https:\/\/eebs.dk\/wp-content\/uploads\/2023\/02\/Seneca-begaerets-terapi.2-300x240.jpg 300w, https:\/\/eebs.dk\/wp-content\/uploads\/2023\/02\/Seneca-begaerets-terapi.2-768x614.jpg 768w, https:\/\/eebs.dk\/wp-content\/uploads\/2023\/02\/Seneca-begaerets-terapi.2.jpg 1000w\" sizes=\"auto, (max-width: 300px) 100vw, 300px\" \/>Fredag d. 4. marts 2022 kl. 13.30<\/h3>\n<p>Hack Kampmanns Plads 2<br \/>\n8000 Aarhus C<br \/>\nOpl\u00e6g af mag.art. Kristian Lambertsen<br \/>\n\u201d<strong>Seneca \u2013 Beg\u00e6rets Terapi\u201d<\/strong><\/p>\n<p style=\"text-align: left;\">Epikur\u00e6erne, skeptikerne og stoikerne praktiserede filosofi ikke som en l\u00f8srevet intellektuel disciplin, men som en verdslig kunst at k\u00e6mpe med sp\u00f8rgsm\u00e5l af daglig og presserende menneskelig betydning. Ved at unders\u00f8ge tekster af filosoffer som Epicurus, Lucretius og Seneca, genvindes en v\u00e6rdifuld kilde til aktuelle moralske og politiske tanker og vi opmuntres til at genoverveje filosofiske argumenter som en teknik, hvorigennem vi kan forbedre vores liv. Teorierne henvender sig b\u00e5de til almindelige l\u00e6sere og specialister og adresserer sp\u00f8rgsm\u00e5l lige fra psykologien af \u200b\u200bmenneskelig lidenskab til retorik omkring filosofiens rolle i det offentlige og private liv.<\/p>\n<p><strong> Dokk1, M2<\/strong><\/p>\n<p>&nbsp;<\/p>\n<p>&nbsp;<\/p>\n","protected":false},"excerpt":{"rendered":"<p>Fredag d. 4. marts 2022 kl. 13.30 Hack Kampmanns Plads 2 8000 Aarhus C Opl\u00e6g af mag.art. Kristian Lambertsen \u201dSeneca \u2013 Beg\u00e6rets Terapi\u201d Epikur\u00e6erne, skeptikerne og stoikerne praktiserede filosofi ikke&hellip; <br \/> <a class=\"read-more\" href=\"https:\/\/eebs.dk\/index.php\/seneca-begaerets-terapi\/\">Read more<\/a><\/p>\n","protected":false},"author":1,"featured_media":0,"parent":0,"menu_order":0,"comment_status":"closed","ping_status":"closed","template":"","meta":{"_monsterinsights_skip_tracking":false,"_monsterinsights_sitenote_active":false,"_monsterinsights_sitenote_note":"","_monsterinsights_sitenote_category":0,"footnotes":""},"class_list":["post-115","page","type-page","status-publish","hentry"],"aioseo_notices":[],"_links":{"self":[{"href":"https:\/\/eebs.dk\/index.php\/wp-json\/wp\/v2\/pages\/115","targetHints":{"allow":["GET"]}}],"collection":[{"href":"https:\/\/eebs.dk\/index.php\/wp-json\/wp\/v2\/pages"}],"about":[{"href":"https:\/\/eebs.dk\/index.php\/wp-json\/wp\/v2\/types\/page"}],"author":[{"embeddable":true,"href":"https:\/\/eebs.dk\/index.php\/wp-json\/wp\/v2\/users\/1"}],"replies":[{"embeddable":true,"href":"https:\/\/eebs.dk\/index.php\/wp-json\/wp\/v2\/comments?post=115"}],"version-history":[{"count":4,"href":"https:\/\/eebs.dk\/index.php\/wp-json\/wp\/v2\/pages\/115\/revisions"}],"predecessor-version":[{"id":304,"href":"https:\/\/eebs.dk\/index.php\/wp-json\/wp\/v2\/pages\/115\/revisions\/304"}],"wp:attachment":[{"href":"https:\/\/eebs.dk\/index.php\/wp-json\/wp\/v2\/media?parent=115"}],"curies":[{"name":"wp","href":"https:\/\/api.w.org\/{rel}","templated":true}]}}