{"id":119,"date":"2023-01-12T10:47:24","date_gmt":"2023-01-12T09:47:24","guid":{"rendered":"https:\/\/eebs.dk\/?page_id=119"},"modified":"2025-02-13T16:17:09","modified_gmt":"2025-02-13T15:17:09","slug":"mulighedernes-vindue","status":"publish","type":"page","link":"https:\/\/eebs.dk\/index.php\/mulighedernes-vindue\/","title":{"rendered":"Mulighedernes Vindue"},"content":{"rendered":"<h3><span style=\"background-color: transparent;\"><img loading=\"lazy\" decoding=\"async\" class=\"size-medium wp-image-290 alignleft\" src=\"https:\/\/eebs.dk\/wp-content\/uploads\/2023\/02\/Mulighedernes-Vindue.mini_-240x300.jpg\" alt=\"\" width=\"240\" height=\"300\" srcset=\"https:\/\/eebs.dk\/wp-content\/uploads\/2023\/02\/Mulighedernes-Vindue.mini_-240x300.jpg 240w, https:\/\/eebs.dk\/wp-content\/uploads\/2023\/02\/Mulighedernes-Vindue.mini_.jpg 300w\" sizes=\"auto, (max-width: 240px) 100vw, 240px\" \/>Fredag d. 08. april 2022 kl. 13.30<\/span><\/h3>\n<p><strong>Mulighedernes Vindue<\/strong><br \/>\n<strong>Hverdagskreativitet som grundvilk\u00e5r<\/strong><br \/>\n<strong>og ressource i livet med demens<\/strong><\/p>\n<p>Opl\u00e6g af lektor, Ph.d. Rasmus Dyring<br \/>\nInstitut for Kultur og Samfund, Filosofi<br \/>\nAarhus Universitet<\/p>\n<p>Opl\u00e6gget introducerer til forsknings- og praksisudviklingsprojektet \u201dmulighedernes vinduer\u201d samt de filosofiske tanker bag projektet. Uanset om demens bliver fremstillet som en samfunds\u00f8konomisk udfordring eller oplevet som et fortvivlende livsvilk\u00e5r, bliver demens forst\u00e5et ud fra et forfaldsnarrativ om tabet af kognitive evner og v\u00e6rdighed. Dette projekt udfordrer tabsnarrativet ved at udforske og fremme hverdagslivets kreative potentialer, som de udfolder sig mellem mennesker med demens, p\u00e5r\u00f8rende, personale og andre i den institutionelle og familiebaserede demensomsorg. Den gennemg\u00e5ende hypotese i projektet er, at det vil have en positiv virkning p\u00e5 alle involverede at fremme en hverdagskultur i demensomsorgen, der griber de muligheder, der spontant opst\u00e5r.<\/p>\n<p>Projektets form\u00e5l er at udvikle handlingsanvisende koncepter til brug i den institutionelle og familiebaserede demensomsorg, der kan fremme inklusionen af mennesker med demens som aktive medskabere af deres livsverdner. Projektet vil udvikle og implementere \u201dMulighedsvinduet\u201d som et refleksionsv\u00e6rkt\u00f8j i den personcentrerede omsorg.<\/p>\n<p>Projektets teoretiske og praktiske arbejde bliver udf\u00f8rt i t\u00e6t samarbejde mellem projektets partnere: Institut for Kultur og Samfund, Aarhus Universitet; Demensomr\u00e5det, Horsens Kommune og VIVE &#8211; Det Nationale Forsknings- og Analysecenter for Velf\u00e6rd.<\/p>\n<p>Projektet er st\u00f8ttet af VELUX FONDEN<\/p>\n<p>Dokk1, M2<\/p>\n","protected":false},"excerpt":{"rendered":"<p>Fredag d. 08. april 2022 kl. 13.30 Mulighedernes Vindue Hverdagskreativitet som grundvilk\u00e5r og ressource i livet med demens Opl\u00e6g af lektor, Ph.d. Rasmus Dyring Institut for Kultur og Samfund, Filosofi&hellip; <br \/> <a class=\"read-more\" href=\"https:\/\/eebs.dk\/index.php\/mulighedernes-vindue\/\">Read more<\/a><\/p>\n","protected":false},"author":1,"featured_media":0,"parent":0,"menu_order":0,"comment_status":"closed","ping_status":"closed","template":"","meta":{"_monsterinsights_skip_tracking":false,"_monsterinsights_sitenote_active":false,"_monsterinsights_sitenote_note":"","_monsterinsights_sitenote_category":0,"footnotes":""},"class_list":["post-119","page","type-page","status-publish","hentry"],"aioseo_notices":[],"_links":{"self":[{"href":"https:\/\/eebs.dk\/index.php\/wp-json\/wp\/v2\/pages\/119","targetHints":{"allow":["GET"]}}],"collection":[{"href":"https:\/\/eebs.dk\/index.php\/wp-json\/wp\/v2\/pages"}],"about":[{"href":"https:\/\/eebs.dk\/index.php\/wp-json\/wp\/v2\/types\/page"}],"author":[{"embeddable":true,"href":"https:\/\/eebs.dk\/index.php\/wp-json\/wp\/v2\/users\/1"}],"replies":[{"embeddable":true,"href":"https:\/\/eebs.dk\/index.php\/wp-json\/wp\/v2\/comments?post=119"}],"version-history":[{"count":3,"href":"https:\/\/eebs.dk\/index.php\/wp-json\/wp\/v2\/pages\/119\/revisions"}],"predecessor-version":[{"id":292,"href":"https:\/\/eebs.dk\/index.php\/wp-json\/wp\/v2\/pages\/119\/revisions\/292"}],"wp:attachment":[{"href":"https:\/\/eebs.dk\/index.php\/wp-json\/wp\/v2\/media?parent=119"}],"curies":[{"name":"wp","href":"https:\/\/api.w.org\/{rel}","templated":true}]}}