{"id":1217,"date":"2026-03-31T16:05:45","date_gmt":"2026-03-31T14:05:45","guid":{"rendered":"https:\/\/eebs.dk\/?page_id=1217"},"modified":"2026-03-31T16:05:45","modified_gmt":"2026-03-31T14:05:45","slug":"hegels-andsfaenomenologi","status":"publish","type":"page","link":"https:\/\/eebs.dk\/index.php\/hegels-andsfaenomenologi\/","title":{"rendered":"Hegels \u00c5ndsf\u00e6nomenologi"},"content":{"rendered":"<p><img loading=\"lazy\" decoding=\"async\" class=\"size-medium wp-image-1197 alignleft\" src=\"https:\/\/eebs.dk\/wp-content\/uploads\/2026\/01\/Hegels-Andsfaenomenologi-300x231.jpg\" alt=\"\" width=\"300\" height=\"231\" srcset=\"https:\/\/eebs.dk\/wp-content\/uploads\/2026\/01\/Hegels-Andsfaenomenologi-300x231.jpg 300w, https:\/\/eebs.dk\/wp-content\/uploads\/2026\/01\/Hegels-Andsfaenomenologi-768x591.jpg 768w, https:\/\/eebs.dk\/wp-content\/uploads\/2026\/01\/Hegels-Andsfaenomenologi.jpg 900w\" sizes=\"auto, (max-width: 300px) 100vw, 300px\" \/>Fredag d. 20 februar kl. 15<\/p>\n<p>Opl\u00e6g af ph.d. Henrik Klindt-Jensen<\/p>\n<p>Den tyske filosof Georg Wilhelm Friedrich Hegel\u00a0(1770\u00a0\u2013 1831) var en\u00a0af de vigtigste filosoffer i den tyske idealisme. Han s\u00e5 alt som \u00c5nd, Geist \u2013 Gud, som b\u00e5de var erkendende og genstand for erkendelsen. I sin \u201dPh\u00e4nomenologie des Geistes\u201d, \u201d\u00c5ndsf\u00e6nomenologi\u201d fra 1807 udfolder han erkendelsen dialektisk gennem \u00c5ndens f\u00e6nomener b\u00e5de som den viser sig i Historiens epoker, som for det enkelte menneskes sj\u00e6l \u2013 b\u00e5de i psykologi og erkendelsesteori \u2013 begyndende med den sanselige vished, sluttende med den absolutte viden.<\/p>\n<p>Ber\u00f8mtest er afsnittet om \u201dHerre og \u201dTr\u00e6l\u201d, hvor bevidstheden m\u00e5 tage herskab over tr\u00e6llen for at kunne genfinde sig selv i denne og n\u00e5 sin frihed deri. Slavens befrielse er ogs\u00e5 Herrens befrielse! Historisk i slavesamfund som de gr\u00e6ske og romerske, psykologisk ved at kende sin egen \u201dskygge\u201d, som Jung ville sige.<\/p>\n","protected":false},"excerpt":{"rendered":"<p>Fredag d. 20 februar kl. 15 Opl\u00e6g af ph.d. Henrik Klindt-Jensen Den tyske filosof Georg Wilhelm Friedrich Hegel\u00a0(1770\u00a0\u2013 1831) var en\u00a0af de vigtigste filosoffer i den tyske idealisme. Han s\u00e5&hellip; <br \/> <a class=\"read-more\" href=\"https:\/\/eebs.dk\/index.php\/hegels-andsfaenomenologi\/\">Read more<\/a><\/p>\n","protected":false},"author":1,"featured_media":0,"parent":0,"menu_order":0,"comment_status":"closed","ping_status":"closed","template":"","meta":{"_monsterinsights_skip_tracking":false,"_monsterinsights_sitenote_active":false,"_monsterinsights_sitenote_note":"","_monsterinsights_sitenote_category":0,"footnotes":""},"class_list":["post-1217","page","type-page","status-publish","hentry"],"aioseo_notices":[],"_links":{"self":[{"href":"https:\/\/eebs.dk\/index.php\/wp-json\/wp\/v2\/pages\/1217","targetHints":{"allow":["GET"]}}],"collection":[{"href":"https:\/\/eebs.dk\/index.php\/wp-json\/wp\/v2\/pages"}],"about":[{"href":"https:\/\/eebs.dk\/index.php\/wp-json\/wp\/v2\/types\/page"}],"author":[{"embeddable":true,"href":"https:\/\/eebs.dk\/index.php\/wp-json\/wp\/v2\/users\/1"}],"replies":[{"embeddable":true,"href":"https:\/\/eebs.dk\/index.php\/wp-json\/wp\/v2\/comments?post=1217"}],"version-history":[{"count":1,"href":"https:\/\/eebs.dk\/index.php\/wp-json\/wp\/v2\/pages\/1217\/revisions"}],"predecessor-version":[{"id":1218,"href":"https:\/\/eebs.dk\/index.php\/wp-json\/wp\/v2\/pages\/1217\/revisions\/1218"}],"wp:attachment":[{"href":"https:\/\/eebs.dk\/index.php\/wp-json\/wp\/v2\/media?parent=1217"}],"curies":[{"name":"wp","href":"https:\/\/api.w.org\/{rel}","templated":true}]}}