{"id":1220,"date":"2026-03-31T16:10:11","date_gmt":"2026-03-31T14:10:11","guid":{"rendered":"https:\/\/eebs.dk\/?page_id=1220"},"modified":"2026-03-31T16:10:11","modified_gmt":"2026-03-31T14:10:11","slug":"paulus-som-omvendt-jode-og-hellenistisk-filosof","status":"publish","type":"page","link":"https:\/\/eebs.dk\/index.php\/paulus-som-omvendt-jode-og-hellenistisk-filosof\/","title":{"rendered":"\u201dPaulus som omvendt J\u00f8de  og Hellenistisk Filosof\u201d"},"content":{"rendered":"<p><img loading=\"lazy\" decoding=\"async\" class=\"size-medium wp-image-1212 alignleft\" src=\"https:\/\/eebs.dk\/wp-content\/uploads\/2026\/03\/Paulus-som-omvendt-Jode-200x300.jpg\" alt=\"\" width=\"200\" height=\"300\" srcset=\"https:\/\/eebs.dk\/wp-content\/uploads\/2026\/03\/Paulus-som-omvendt-Jode-200x300.jpg 200w, https:\/\/eebs.dk\/wp-content\/uploads\/2026\/03\/Paulus-som-omvendt-Jode-684x1024.jpg 684w, https:\/\/eebs.dk\/wp-content\/uploads\/2026\/03\/Paulus-som-omvendt-Jode-768x1151.jpg 768w, https:\/\/eebs.dk\/wp-content\/uploads\/2026\/03\/Paulus-som-omvendt-Jode-721x1080.jpg 721w, https:\/\/eebs.dk\/wp-content\/uploads\/2026\/03\/Paulus-som-omvendt-Jode.jpg 1024w\" sizes=\"auto, (max-width: 200px) 100vw, 200px\" \/>Tirsdag d. 19 maj kl. 14<\/p>\n<p>Opl\u00e6g af Henrik Klindt-Jensen, Ph.d. fhv. ekstern lektor<br \/>\nAfd. for Filosofi &amp; Id\u00e9 Historie, Arts<br \/>\nAarhus Universitet<\/p>\n<p>Paulus er kristendommens f\u00f8rste teolog. Sk\u00f8nt selv udg\u00e5et fra j\u00f8dedommen, frig\u00f8r Paulus Kristendommen fra j\u00f8dedommen og g\u00f8r den g\u00e6ldende for alle, der tror og bliver d\u00f8bt. Teologisk grundl\u00e6gger han den i forl\u00e6ngelse af filosofien i hellenismen, som navnlig arvede stoicismen fra antikken. Stoicismen blev grundlagt af Zenon fra Krition (334 \u2013 262 f.Kr.) som en spirituel bev\u00e6gelse, som stod overfor Platons; den betonede den etiske fordybelse og besindelse med den ber\u00f8mte stoiske ro. Hvor Platons begreb \u201dnous\u201d \u2013 \u201d\u00e5nd\u201d\/fornuft\u201d var rent statisk, er stoikernes \u00e5ndsbegreb \u201dPneuma\u201d, bogstaveligt: \u201d\u00e5ndedr\u00e6t\u201d, dynamisk: Pneuma g\u00e5r igennem alt, materie, dyr og planter som \u201dphysis\u201d, natur, i mennesket som \u201dpsych\u00e9\u201d, sj\u00e6l. Pneuma bliver materien, men det ligger slet ikke i teksterne, at pheuma selv skulle v\u00e6re materiel. Paulus overtager ordet i kristendommen for Hellig\u00e5nden, \u201dPneuma Hagion\u201d, og den er bestemt heller ikke materiel her: kristendommen grundl\u00e6gges ved pinsebegivenhedens store himmelske \u00e5ndepust. Men dette gennemstr\u00f8mmer ikke tilv\u00e6relsen som helhed. Stoicismen er i udgangspunktet langt mere spirituel end Platons filosofi, men danner til geng\u00e6ld den v\u00e6sentligste foruds\u00e6tning for nyplatonismen, som grundlagt af Plotin med en omfattende metafysik: alt er udkastet i \u201dlogoi spermatikoi\u201d, logos-s\u00e6dekorn. Stoicismen betoner som sagt den enkeltes tilbagetr\u00e6kning til kontemplativ, netop stoiske ro, up\u00e5virkethed<\/p>\n","protected":false},"excerpt":{"rendered":"<p>Tirsdag d. 19 maj kl. 14 Opl\u00e6g af Henrik Klindt-Jensen, Ph.d. fhv. ekstern lektor Afd. for Filosofi &amp; Id\u00e9 Historie, Arts Aarhus Universitet Paulus er kristendommens f\u00f8rste teolog. Sk\u00f8nt selv&hellip; <br \/> <a class=\"read-more\" href=\"https:\/\/eebs.dk\/index.php\/paulus-som-omvendt-jode-og-hellenistisk-filosof\/\">Read more<\/a><\/p>\n","protected":false},"author":1,"featured_media":0,"parent":0,"menu_order":0,"comment_status":"closed","ping_status":"closed","template":"","meta":{"_monsterinsights_skip_tracking":false,"_monsterinsights_sitenote_active":false,"_monsterinsights_sitenote_note":"","_monsterinsights_sitenote_category":0,"footnotes":""},"class_list":["post-1220","page","type-page","status-publish","hentry"],"aioseo_notices":[],"_links":{"self":[{"href":"https:\/\/eebs.dk\/index.php\/wp-json\/wp\/v2\/pages\/1220","targetHints":{"allow":["GET"]}}],"collection":[{"href":"https:\/\/eebs.dk\/index.php\/wp-json\/wp\/v2\/pages"}],"about":[{"href":"https:\/\/eebs.dk\/index.php\/wp-json\/wp\/v2\/types\/page"}],"author":[{"embeddable":true,"href":"https:\/\/eebs.dk\/index.php\/wp-json\/wp\/v2\/users\/1"}],"replies":[{"embeddable":true,"href":"https:\/\/eebs.dk\/index.php\/wp-json\/wp\/v2\/comments?post=1220"}],"version-history":[{"count":1,"href":"https:\/\/eebs.dk\/index.php\/wp-json\/wp\/v2\/pages\/1220\/revisions"}],"predecessor-version":[{"id":1221,"href":"https:\/\/eebs.dk\/index.php\/wp-json\/wp\/v2\/pages\/1220\/revisions\/1221"}],"wp:attachment":[{"href":"https:\/\/eebs.dk\/index.php\/wp-json\/wp\/v2\/media?parent=1220"}],"curies":[{"name":"wp","href":"https:\/\/api.w.org\/{rel}","templated":true}]}}