{"id":126,"date":"2023-01-12T11:09:08","date_gmt":"2023-01-12T10:09:08","guid":{"rendered":"https:\/\/eebs.dk\/?page_id=126"},"modified":"2025-02-13T16:24:16","modified_gmt":"2025-02-13T15:24:16","slug":"platon-og-kristendommen-hos-augustin-og-boethius","status":"publish","type":"page","link":"https:\/\/eebs.dk\/index.php\/platon-og-kristendommen-hos-augustin-og-boethius\/","title":{"rendered":"Platon og Kristendommen  hos Augustin og Bo\u00ebthius"},"content":{"rendered":"<h3 style=\"text-align: left;\"><img loading=\"lazy\" decoding=\"async\" class=\"size-medium wp-image-297 alignleft\" src=\"https:\/\/eebs.dk\/wp-content\/uploads\/2023\/02\/Augustin-og-Boethius-195x300.jpg\" alt=\"\" width=\"195\" height=\"300\" srcset=\"https:\/\/eebs.dk\/wp-content\/uploads\/2023\/02\/Augustin-og-Boethius-195x300.jpg 195w, https:\/\/eebs.dk\/wp-content\/uploads\/2023\/02\/Augustin-og-Boethius.jpg 390w\" sizes=\"auto, (max-width: 195px) 100vw, 195px\" \/>Fredag d. 31. marts 2023 kl. 14<\/h3>\n<p>Opl\u00e6g af filosof. Ph.d. Henrik Klindt-Jensen<\/p>\n<p style=\"text-align: left;\">Op igennem middelalderen brugtes Aristoteles som filosofisk grundlag for udviklingen af den kristne teologi i den s\u00e5kaldte \u201dskolastik\u201d, som ogs\u00e5 kom til at forvalte den videnskabelige arv fra Antikken. Men f\u00f8r skolastikken fik Platon betydning med Austin, og ved indgangen til den med Bo\u00ebthius. De to blev aldrig s\u00e5dan \u201dortodokse\u201d platonikere, de dyrkede i h\u00f8j grad Platons filosofi formidlet af nyplatonismen, grundlagt af Plotin. Ny platonikerne s\u00f8gte at forene Platon og Aristoteles, og efterh\u00e5nden blev det i hovedsagen Aristoteles, som Bo\u00ebthius kom til at besk\u00e6ftige sig med; han betragtes faktisk som grundl\u00e6ggeren af skolastikken. Augustin kunne kun d\u00e5rligt gr\u00e6sk, l\u00e6ste klassikerne i latinske overs\u00e6ttelser; Bo\u00ebthius var den sidste store f\u00f8r ren\u00e6ssancen, som virkelig kunne gr\u00e6sk og som selv bidrog til overs\u00e6ttelser til latin direkte fra gr\u00e6sk; ellers kom skolastikken mest til at bero p\u00e5 overs\u00e6ttelser fra arabisk.\u00a0 Kristendommen fik brug for Platon til virkelig at l\u00f8fte blikket mod en h\u00f8jere \u00e5ndelig virkelighed, selvom dens anliggende bestemt ogs\u00e5 er det konkrete menneskeliv. I generationerne efter Platon selv blev \u201dakademikerne\u201d derimod snart skeptikere; som bestemt ikke kunne bidrage til Kristendommen.<\/p>\n<p>&nbsp;<\/p>\n","protected":false},"excerpt":{"rendered":"<p>Fredag d. 31. marts 2023 kl. 14 Opl\u00e6g af filosof. Ph.d. Henrik Klindt-Jensen Op igennem middelalderen brugtes Aristoteles som filosofisk grundlag for udviklingen af den kristne teologi i den s\u00e5kaldte&hellip; <br \/> <a class=\"read-more\" href=\"https:\/\/eebs.dk\/index.php\/platon-og-kristendommen-hos-augustin-og-boethius\/\">Read more<\/a><\/p>\n","protected":false},"author":1,"featured_media":0,"parent":0,"menu_order":0,"comment_status":"closed","ping_status":"closed","template":"","meta":{"_monsterinsights_skip_tracking":false,"_monsterinsights_sitenote_active":false,"_monsterinsights_sitenote_note":"","_monsterinsights_sitenote_category":0,"footnotes":""},"class_list":["post-126","page","type-page","status-publish","hentry"],"aioseo_notices":[],"_links":{"self":[{"href":"https:\/\/eebs.dk\/index.php\/wp-json\/wp\/v2\/pages\/126","targetHints":{"allow":["GET"]}}],"collection":[{"href":"https:\/\/eebs.dk\/index.php\/wp-json\/wp\/v2\/pages"}],"about":[{"href":"https:\/\/eebs.dk\/index.php\/wp-json\/wp\/v2\/types\/page"}],"author":[{"embeddable":true,"href":"https:\/\/eebs.dk\/index.php\/wp-json\/wp\/v2\/users\/1"}],"replies":[{"embeddable":true,"href":"https:\/\/eebs.dk\/index.php\/wp-json\/wp\/v2\/comments?post=126"}],"version-history":[{"count":4,"href":"https:\/\/eebs.dk\/index.php\/wp-json\/wp\/v2\/pages\/126\/revisions"}],"predecessor-version":[{"id":316,"href":"https:\/\/eebs.dk\/index.php\/wp-json\/wp\/v2\/pages\/126\/revisions\/316"}],"wp:attachment":[{"href":"https:\/\/eebs.dk\/index.php\/wp-json\/wp\/v2\/media?parent=126"}],"curies":[{"name":"wp","href":"https:\/\/api.w.org\/{rel}","templated":true}]}}