{"id":141,"date":"2023-01-13T18:27:57","date_gmt":"2023-01-13T17:27:57","guid":{"rendered":"https:\/\/eebs.dk\/?page_id=141"},"modified":"2025-02-13T16:32:07","modified_gmt":"2025-02-13T15:32:07","slug":"skabelse-og-tilintetgorelse-logstrup-og-naturen","status":"publish","type":"page","link":"https:\/\/eebs.dk\/index.php\/skabelse-og-tilintetgorelse-logstrup-og-naturen\/","title":{"rendered":"Skabelse og Tilintetg\u00f8relse &#8211; L\u00f8gstrup og Naturen"},"content":{"rendered":"<h3><img loading=\"lazy\" decoding=\"async\" class=\"size-medium wp-image-249 alignleft\" src=\"https:\/\/eebs.dk\/wp-content\/uploads\/2023\/01\/Skabelse-og-tilintetgorelse2.-192x300.jpg\" alt=\"\" width=\"192\" height=\"300\" \/><strong>Fredag d. 10. marts 2023 kl. 13<\/strong><\/h3>\n<p>Dokk1M2<\/p>\n<p>Skabelse og Tilintetg\u00f8relse<br \/>\nL\u00f8gstrup og Naturen<\/p>\n<p>Opl\u00e6g af mag.art. Kristian Lambertsen<br \/>\nfhv. ekstern lektor<br \/>\nafd. for filosofi og idehistorie.<br \/>\nAarhus Universitet<\/p>\n<p>V\u00e6rket \u201dSkabelse og Tilintetg\u00f8relse\u201d taler direkte ind i den menneskeskabte klimakrise. Med L\u00f8gstrups ord er forureningen en blasfemi mod skabelsen. Det religi\u00f8se sprog s\u00f8ger at skabe det rum, hvor vi mennesker igen besinder os p\u00e5 det ansvar, vi har overfor naturen.<\/p>\n<p>Entr\u00e9 kr. 50<\/p>\n","protected":false},"excerpt":{"rendered":"<p>Fredag d. 10. marts 2023 kl. 13 Dokk1M2 Skabelse og Tilintetg\u00f8relse L\u00f8gstrup og Naturen Opl\u00e6g af mag.art. Kristian Lambertsen fhv. ekstern lektor afd. for filosofi og idehistorie. Aarhus Universitet V\u00e6rket&hellip; <br \/> <a class=\"read-more\" href=\"https:\/\/eebs.dk\/index.php\/skabelse-og-tilintetgorelse-logstrup-og-naturen\/\">Read more<\/a><\/p>\n","protected":false},"author":1,"featured_media":0,"parent":0,"menu_order":0,"comment_status":"closed","ping_status":"closed","template":"","meta":{"_monsterinsights_skip_tracking":false,"_monsterinsights_sitenote_active":false,"_monsterinsights_sitenote_note":"","_monsterinsights_sitenote_category":0,"footnotes":""},"class_list":["post-141","page","type-page","status-publish","hentry"],"aioseo_notices":[],"_links":{"self":[{"href":"https:\/\/eebs.dk\/index.php\/wp-json\/wp\/v2\/pages\/141","targetHints":{"allow":["GET"]}}],"collection":[{"href":"https:\/\/eebs.dk\/index.php\/wp-json\/wp\/v2\/pages"}],"about":[{"href":"https:\/\/eebs.dk\/index.php\/wp-json\/wp\/v2\/types\/page"}],"author":[{"embeddable":true,"href":"https:\/\/eebs.dk\/index.php\/wp-json\/wp\/v2\/users\/1"}],"replies":[{"embeddable":true,"href":"https:\/\/eebs.dk\/index.php\/wp-json\/wp\/v2\/comments?post=141"}],"version-history":[{"count":6,"href":"https:\/\/eebs.dk\/index.php\/wp-json\/wp\/v2\/pages\/141\/revisions"}],"predecessor-version":[{"id":307,"href":"https:\/\/eebs.dk\/index.php\/wp-json\/wp\/v2\/pages\/141\/revisions\/307"}],"wp:attachment":[{"href":"https:\/\/eebs.dk\/index.php\/wp-json\/wp\/v2\/media?parent=141"}],"curies":[{"name":"wp","href":"https:\/\/api.w.org\/{rel}","templated":true}]}}