{"id":244,"date":"2023-01-17T12:39:35","date_gmt":"2023-01-17T11:39:35","guid":{"rendered":"https:\/\/eebs.dk\/?page_id=244"},"modified":"2025-02-13T16:11:28","modified_gmt":"2025-02-13T15:11:28","slug":"den-esoteriske-platon","status":"publish","type":"page","link":"https:\/\/eebs.dk\/index.php\/den-esoteriske-platon\/","title":{"rendered":"Den Esoteriske Platon"},"content":{"rendered":"<p><img loading=\"lazy\" decoding=\"async\" class=\"size-medium wp-image-245 alignleft\" src=\"https:\/\/eebs.dk\/wp-content\/uploads\/2023\/01\/Den-Esoteriske-Platon.mini_-225x300.jpg\" alt=\"\" width=\"225\" height=\"300\" srcset=\"https:\/\/eebs.dk\/wp-content\/uploads\/2023\/01\/Den-Esoteriske-Platon.mini_-225x300.jpg 225w, https:\/\/eebs.dk\/wp-content\/uploads\/2023\/01\/Den-Esoteriske-Platon.mini_.jpg 400w\" sizes=\"auto, (max-width: 225px) 100vw, 225px\" \/><\/p>\n<p>Fredag d. 9. december 2022 kl. 13.30<\/p>\n<p>af filosof Henrik Krog Nielsen<\/p>\n<h2>\u00a0 \u00a0\u201dDen Esoteriske Platon\u201d<\/h2>\n<p>Platon er den store filosof fra antikkens Gr\u00e6kenland. Esoterisk betyder indre\/spirituel, at alt ydre har en indre\/spirituel \u00e5rsag. Foredraget er en tekstn\u00e6r komparativ analyse af Platons og Tibetanerens skrifter, formuleret i A. A. Baileys b\u00f8ger (skrevet 1919-49), som med tiden har f\u00e5et stor indflydelse p\u00e5 forskellige \u00e5ndelige str\u00f8mninger.\u00a0Is\u00e6r vil emnet meditation blive belyst. Derudover bl.a.: reinkarnation og karma, personlighedsintegration, treenighed, bevidsthed og etik.<\/p>\n<p>Henrik Krog Nielsen er forfatter til\u00a0&#8220;Den esoteriske Platon og Tibetaneren&#8221;, &#8220;Hvem taler jeg med, n\u00e5r jeg taler med mig selv?&#8221; og fire undervisningsb\u00f8ger.<\/p>\n<p><span style=\"background-color: transparent;\">Entr\u00e9 kr. 50,-<\/span><\/p>\n<p><span style=\"background-color: transparent;\">Dokk1,M2<br \/>\n<\/span><\/p>\n<p>&nbsp;<\/p>\n","protected":false},"excerpt":{"rendered":"<p>Fredag d. 9. december 2022 kl. 13.30 af filosof Henrik Krog Nielsen \u00a0 \u00a0\u201dDen Esoteriske Platon\u201d Platon er den store filosof fra antikkens Gr\u00e6kenland. Esoterisk betyder indre\/spirituel, at alt ydre&hellip; <br \/> <a class=\"read-more\" href=\"https:\/\/eebs.dk\/index.php\/den-esoteriske-platon\/\">Read more<\/a><\/p>\n","protected":false},"author":1,"featured_media":0,"parent":0,"menu_order":0,"comment_status":"closed","ping_status":"closed","template":"","meta":{"_monsterinsights_skip_tracking":false,"_monsterinsights_sitenote_active":false,"_monsterinsights_sitenote_note":"","_monsterinsights_sitenote_category":0,"footnotes":""},"class_list":["post-244","page","type-page","status-publish","hentry"],"aioseo_notices":[],"_links":{"self":[{"href":"https:\/\/eebs.dk\/index.php\/wp-json\/wp\/v2\/pages\/244","targetHints":{"allow":["GET"]}}],"collection":[{"href":"https:\/\/eebs.dk\/index.php\/wp-json\/wp\/v2\/pages"}],"about":[{"href":"https:\/\/eebs.dk\/index.php\/wp-json\/wp\/v2\/types\/page"}],"author":[{"embeddable":true,"href":"https:\/\/eebs.dk\/index.php\/wp-json\/wp\/v2\/users\/1"}],"replies":[{"embeddable":true,"href":"https:\/\/eebs.dk\/index.php\/wp-json\/wp\/v2\/comments?post=244"}],"version-history":[{"count":2,"href":"https:\/\/eebs.dk\/index.php\/wp-json\/wp\/v2\/pages\/244\/revisions"}],"predecessor-version":[{"id":279,"href":"https:\/\/eebs.dk\/index.php\/wp-json\/wp\/v2\/pages\/244\/revisions\/279"}],"wp:attachment":[{"href":"https:\/\/eebs.dk\/index.php\/wp-json\/wp\/v2\/media?parent=244"}],"curies":[{"name":"wp","href":"https:\/\/api.w.org\/{rel}","templated":true}]}}