{"id":384,"date":"2023-12-04T19:01:32","date_gmt":"2023-12-04T18:01:32","guid":{"rendered":"https:\/\/eebs.dk\/?page_id=384"},"modified":"2023-12-04T19:01:32","modified_gmt":"2023-12-04T18:01:32","slug":"schellings-naturfilosofi","status":"publish","type":"page","link":"https:\/\/eebs.dk\/index.php\/schellings-naturfilosofi\/","title":{"rendered":"\u201cSchelling\u2019s Naturfilosofi\u201d"},"content":{"rendered":"<p><img loading=\"lazy\" decoding=\"async\" class=\"wp-image-381 size-medium alignleft\" src=\"https:\/\/eebs.dk\/wp-content\/uploads\/2023\/12\/Schellings-Naturfilosofi-225x300.jpg\" alt=\"\" width=\"225\" height=\"300\" srcset=\"https:\/\/eebs.dk\/wp-content\/uploads\/2023\/12\/Schellings-Naturfilosofi-225x300.jpg 225w, https:\/\/eebs.dk\/wp-content\/uploads\/2023\/12\/Schellings-Naturfilosofi-768x1024.jpg 768w, https:\/\/eebs.dk\/wp-content\/uploads\/2023\/12\/Schellings-Naturfilosofi-810x1080.jpg 810w, https:\/\/eebs.dk\/wp-content\/uploads\/2023\/12\/Schellings-Naturfilosofi.jpg 1000w\" sizes=\"auto, (max-width: 225px) 100vw, 225px\" \/>Torsdag d. 25. januar 2024 kl. 13.30<\/p>\n<p>&#8220;SCHELLINGS NATURFILOSOFI&#8221;<\/p>\n<p>Opl\u00e6g af Kristoffer Balslev Willert<br \/>\nph.d. studerende<br \/>\nInst. for Kultur og Samfund<\/p>\n<p>Naturen er i krise. Fossil\u00f8konomiens acceleration af CO2-udledninger og opvarmning af planeten, omdannelsen af efterh\u00e5nden sj\u00e6ldnere og sj\u00e6ldnere vild natur gennem skovrydning, plantageanl\u00e6gning, monokulturelt landbrug og anden profitabel arealudnyttelse, havvandsstigninger og omskiftelige og skadelige vejrm\u00f8nstre, d\u00f8de havvandszoner og uendelige m\u00e6ngder plastic- og betonaftryk p\u00e5 jordskorpens overflader \u2013 det er alt sammen med til at aflive hele \u00f8kosystemer, plante- og dyrearter og, indtil videre, bestemte menneskegrupper og deres eksistensgrundlag. Fort\u00e6llinger om os selv og vores plads i naturen er medbestemmende for, hvordan vi handler i den. Klimakampen er med andre ord lige s\u00e5 meget en kamp om fort\u00e6llinger og perceptioner som det er en politisk kamp. Den planet\u00e6re krise kan bedst beskrives som resultatet af en <em>antropocentrisk Weltanschauung<\/em>, der har afsondret eller oph\u00f8jet mennesket over resten af naturen. At bek\u00e6mpe klimakatastrofen kr\u00e6ver if\u00f8lge dem nye grundfort\u00e6llinger, der ikke ser mennesket som et <em>exceptionelt <\/em>v\u00e6sen; der ikke skelner skarpt mellem \u2019kultur\u2019 og \u2019natur\u2019. Vi finder elementer til en kritik af det modernes\u201d instrumentalistiske og destruktive blik pa\u030a naturen i den klassiske naturfilosofi, fx hos F.W.J. Schelling og Karoline von G\u00fcnderrode. I dette foredrag vil jeg udl\u00e6gge centrale aspekter af begges naturfilosofi og argumentere for, hvorfor der er vigtige metafysiske, etiske og \u00e6stetiske aspekter at hente her for grundl\u00e6ggende at omkalfatre de ideale og (socio)materielle strukturer, der har bragt os til vor tids klimakatastrofiske punkt.<\/p>\n","protected":false},"excerpt":{"rendered":"<p>Torsdag d. 25. januar 2024 kl. 13.30 &#8220;SCHELLINGS NATURFILOSOFI&#8221; Opl\u00e6g af Kristoffer Balslev Willert ph.d. studerende Inst. for Kultur og Samfund Naturen er i krise. Fossil\u00f8konomiens acceleration af CO2-udledninger og&hellip; <br \/> <a class=\"read-more\" href=\"https:\/\/eebs.dk\/index.php\/schellings-naturfilosofi\/\">Read more<\/a><\/p>\n","protected":false},"author":1,"featured_media":0,"parent":0,"menu_order":0,"comment_status":"closed","ping_status":"closed","template":"","meta":{"_monsterinsights_skip_tracking":false,"_monsterinsights_sitenote_active":false,"_monsterinsights_sitenote_note":"","_monsterinsights_sitenote_category":0,"footnotes":""},"class_list":["post-384","page","type-page","status-publish","hentry"],"aioseo_notices":[],"_links":{"self":[{"href":"https:\/\/eebs.dk\/index.php\/wp-json\/wp\/v2\/pages\/384","targetHints":{"allow":["GET"]}}],"collection":[{"href":"https:\/\/eebs.dk\/index.php\/wp-json\/wp\/v2\/pages"}],"about":[{"href":"https:\/\/eebs.dk\/index.php\/wp-json\/wp\/v2\/types\/page"}],"author":[{"embeddable":true,"href":"https:\/\/eebs.dk\/index.php\/wp-json\/wp\/v2\/users\/1"}],"replies":[{"embeddable":true,"href":"https:\/\/eebs.dk\/index.php\/wp-json\/wp\/v2\/comments?post=384"}],"version-history":[{"count":1,"href":"https:\/\/eebs.dk\/index.php\/wp-json\/wp\/v2\/pages\/384\/revisions"}],"predecessor-version":[{"id":385,"href":"https:\/\/eebs.dk\/index.php\/wp-json\/wp\/v2\/pages\/384\/revisions\/385"}],"wp:attachment":[{"href":"https:\/\/eebs.dk\/index.php\/wp-json\/wp\/v2\/media?parent=384"}],"curies":[{"name":"wp","href":"https:\/\/api.w.org\/{rel}","templated":true}]}}