{"id":550,"date":"2024-05-03T19:49:31","date_gmt":"2024-05-03T17:49:31","guid":{"rendered":"https:\/\/eebs.dk\/?page_id=550"},"modified":"2025-02-13T22:35:42","modified_gmt":"2025-02-13T21:35:42","slug":"augustins-treenighedslaere","status":"publish","type":"page","link":"https:\/\/eebs.dk\/index.php\/augustins-treenighedslaere\/","title":{"rendered":"Augustins Treenighedsl\u00e6re"},"content":{"rendered":"<p><img loading=\"lazy\" decoding=\"async\" class=\"size-medium wp-image-407 alignleft\" src=\"https:\/\/eebs.dk\/wp-content\/uploads\/2024\/04\/Augustins-Treenighedslaere-300x200.jpg\" alt=\"\" width=\"300\" height=\"200\" srcset=\"https:\/\/eebs.dk\/wp-content\/uploads\/2024\/04\/Augustins-Treenighedslaere-300x200.jpg 300w, https:\/\/eebs.dk\/wp-content\/uploads\/2024\/04\/Augustins-Treenighedslaere-768x512.jpg 768w, https:\/\/eebs.dk\/wp-content\/uploads\/2024\/04\/Augustins-Treenighedslaere.jpg 800w\" sizes=\"auto, (max-width: 300px) 100vw, 300px\" \/><\/p>\n<h4>AUGUSTINS TREENIGHEDSL\u00c6RE<br \/>\nFredag d. 24. maj 2024 kl. 13<\/h4>\n<h4>Dokk1,M2<\/h4>\n<h4><span style=\"background-color: transparent;\">Opl\u00e6g af Henrik Klindt-Jensen<\/span>ph.d., fhv. lektor Institut for Filosofi &amp; Id\u00e9historie<\/h4>\n<h4>Augustin udviklede afg\u00f8rende den kristne Treenighedsl\u00e6re med Enhed af Fader, S\u00f8n og Hellig\u00e5nden og fandt, at den var en h\u00f8jere oktav af menneskets tilv\u00e6relse og erkendelse &#8211; ligesom ogs\u00e5 Hegel langt senere.<br \/>\nHegel selv kommenterer desv\u00e6rre ikke selv direkte Augustin i sine filosofihistoriske forel\u00e6sninger, hvor han kun bredt taler om kirkef\u00e6drene. Augustins besk\u00e6ftigelse med Treenigheden var meget omfattende og kompleks.<br \/>\nForedraget vil is\u00e6r behandle den filosofiske side, som har klangbund i nyplatonismen og som foregriber Hegel.<\/h4>\n<h4 style=\"text-align: center;\"><\/h4>\n","protected":false},"excerpt":{"rendered":"<p>AUGUSTINS TREENIGHEDSL\u00c6RE Fredag d. 24. maj 2024 kl. 13 Dokk1,M2 Opl\u00e6g af Henrik Klindt-Jensenph.d., fhv. lektor Institut for Filosofi &amp; Id\u00e9historie Augustin udviklede afg\u00f8rende den kristne Treenighedsl\u00e6re med Enhed af&hellip; <br \/> <a class=\"read-more\" href=\"https:\/\/eebs.dk\/index.php\/augustins-treenighedslaere\/\">Read more<\/a><\/p>\n","protected":false},"author":1,"featured_media":0,"parent":0,"menu_order":0,"comment_status":"closed","ping_status":"closed","template":"","meta":{"_monsterinsights_skip_tracking":false,"_monsterinsights_sitenote_active":false,"_monsterinsights_sitenote_note":"","_monsterinsights_sitenote_category":0,"footnotes":""},"class_list":["post-550","page","type-page","status-publish","hentry"],"aioseo_notices":[],"_links":{"self":[{"href":"https:\/\/eebs.dk\/index.php\/wp-json\/wp\/v2\/pages\/550","targetHints":{"allow":["GET"]}}],"collection":[{"href":"https:\/\/eebs.dk\/index.php\/wp-json\/wp\/v2\/pages"}],"about":[{"href":"https:\/\/eebs.dk\/index.php\/wp-json\/wp\/v2\/types\/page"}],"author":[{"embeddable":true,"href":"https:\/\/eebs.dk\/index.php\/wp-json\/wp\/v2\/users\/1"}],"replies":[{"embeddable":true,"href":"https:\/\/eebs.dk\/index.php\/wp-json\/wp\/v2\/comments?post=550"}],"version-history":[{"count":3,"href":"https:\/\/eebs.dk\/index.php\/wp-json\/wp\/v2\/pages\/550\/revisions"}],"predecessor-version":[{"id":904,"href":"https:\/\/eebs.dk\/index.php\/wp-json\/wp\/v2\/pages\/550\/revisions\/904"}],"wp:attachment":[{"href":"https:\/\/eebs.dk\/index.php\/wp-json\/wp\/v2\/media?parent=550"}],"curies":[{"name":"wp","href":"https:\/\/api.w.org\/{rel}","templated":true}]}}