{"id":674,"date":"2024-09-23T19:05:50","date_gmt":"2024-09-23T17:05:50","guid":{"rendered":"https:\/\/eebs.dk\/?page_id=674"},"modified":"2024-09-23T19:05:50","modified_gmt":"2024-09-23T17:05:50","slug":"sjaelens-tredeling-hos-platon","status":"publish","type":"page","link":"https:\/\/eebs.dk\/index.php\/sjaelens-tredeling-hos-platon\/","title":{"rendered":"Sj\u00e6lens Tredeling hos Platon"},"content":{"rendered":"<p><img loading=\"lazy\" decoding=\"async\" class=\"size-medium wp-image-647 alignleft\" src=\"https:\/\/eebs.dk\/wp-content\/uploads\/2024\/09\/Opslag-Sjaelens-Tredeling-hos-Platon-2-247x300.jpg\" alt=\"\" width=\"247\" height=\"300\" srcset=\"https:\/\/eebs.dk\/wp-content\/uploads\/2024\/09\/Opslag-Sjaelens-Tredeling-hos-Platon-2-247x300.jpg 247w, https:\/\/eebs.dk\/wp-content\/uploads\/2024\/09\/Opslag-Sjaelens-Tredeling-hos-Platon-2.jpg 600w\" sizes=\"auto, (max-width: 247px) 100vw, 247px\" \/><\/p>\n<p>Torsdag d. 17. oktober kl. 14<\/p>\n<p>Dokk1 M2<\/p>\n<p><strong>Sj\u00e6lens tredeling hos Platon<\/strong><\/p>\n<p>Af Henrik Klindt-Jensen ph.d. i Filosofi, tidl. ekstern lektor ved Aarhus Universitet, hvor han var leder af Platonkredsen.<\/p>\n<p>Platon taler p\u00e5 to forskellige m\u00e5der om sj\u00e6lens tredeling: For det f\u00f8rste ser han i dialogen <em>Faidros<\/em> sj\u00e6len som en stridsvogn, drevet af en sort hest, som tr\u00e6kker nedad mod drifterne, og en hvid hest, som tr\u00e6kker opad mod Ideerne. Hestene styres af fornuften som kusk. \u00a0Sj\u00e6len bev\u00e6ger sig i reinkarnationer i store kredsbev\u00e6gelser. Men i dialogen <em>Staten<\/em> ser han for det andet sj\u00e6len tredelt, nemlig p\u00e5 de tre niveauer: <em>fornuften<\/em>, <em>viljen<\/em> og <em>beg\u00e6ret<\/em>, som hver is\u00e6r b\u00e5de har deres egen funktion og rolle i individets liv og moral, og i idealstaten som helhed med tre st\u00e6nder af ledere, vogtere og b\u00f8nder\/h\u00e5ndv\u00e6rkere. St\u00e6nderne b\u00e6res henholdsvis af dyderne <em>visdom<\/em>, <em>mod<\/em> og <em>selvdisciplin<\/em>, og samlet harmoniseres de i dyden <em>retf\u00e6rdighed<\/em>. \u00a0Idealstaten skal nu netop belyse harmoniseringen i det enkelte menneske mere end at v\u00e6re en konkret utopi.<\/p>\n<p>Tredelingen g\u00f8r sig ogs\u00e5 g\u00e6ldende for verdenssj\u00e6len i dialogen <em>Timaios<\/em>. Harmoniseringen af de enkelte sj\u00e6lsdele bliver ultimativt et led af den kosmiske harmoni.<\/p>\n","protected":false},"excerpt":{"rendered":"<p>Torsdag d. 17. oktober kl. 14 Dokk1 M2 Sj\u00e6lens tredeling hos Platon Af Henrik Klindt-Jensen ph.d. i Filosofi, tidl. ekstern lektor ved Aarhus Universitet, hvor han var leder af Platonkredsen.&hellip; <br \/> <a class=\"read-more\" href=\"https:\/\/eebs.dk\/index.php\/sjaelens-tredeling-hos-platon\/\">Read more<\/a><\/p>\n","protected":false},"author":1,"featured_media":0,"parent":0,"menu_order":0,"comment_status":"closed","ping_status":"closed","template":"","meta":{"_monsterinsights_skip_tracking":false,"_monsterinsights_sitenote_active":false,"_monsterinsights_sitenote_note":"","_monsterinsights_sitenote_category":0,"footnotes":""},"class_list":["post-674","page","type-page","status-publish","hentry"],"aioseo_notices":[],"_links":{"self":[{"href":"https:\/\/eebs.dk\/index.php\/wp-json\/wp\/v2\/pages\/674","targetHints":{"allow":["GET"]}}],"collection":[{"href":"https:\/\/eebs.dk\/index.php\/wp-json\/wp\/v2\/pages"}],"about":[{"href":"https:\/\/eebs.dk\/index.php\/wp-json\/wp\/v2\/types\/page"}],"author":[{"embeddable":true,"href":"https:\/\/eebs.dk\/index.php\/wp-json\/wp\/v2\/users\/1"}],"replies":[{"embeddable":true,"href":"https:\/\/eebs.dk\/index.php\/wp-json\/wp\/v2\/comments?post=674"}],"version-history":[{"count":1,"href":"https:\/\/eebs.dk\/index.php\/wp-json\/wp\/v2\/pages\/674\/revisions"}],"predecessor-version":[{"id":675,"href":"https:\/\/eebs.dk\/index.php\/wp-json\/wp\/v2\/pages\/674\/revisions\/675"}],"wp:attachment":[{"href":"https:\/\/eebs.dk\/index.php\/wp-json\/wp\/v2\/media?parent=674"}],"curies":[{"name":"wp","href":"https:\/\/api.w.org\/{rel}","templated":true}]}}