{"id":757,"date":"2025-01-21T17:23:45","date_gmt":"2025-01-21T16:23:45","guid":{"rendered":"https:\/\/eebs.dk\/?page_id=757"},"modified":"2025-02-13T22:37:06","modified_gmt":"2025-02-13T21:37:06","slug":"exaiphnes-hos-platon","status":"publish","type":"page","link":"https:\/\/eebs.dk\/index.php\/exaiphnes-hos-platon\/","title":{"rendered":"Exaiphn\u00eas hos Platon"},"content":{"rendered":"<p><img loading=\"lazy\" decoding=\"async\" class=\"size-medium wp-image-758 alignleft\" src=\"https:\/\/eebs.dk\/wp-content\/uploads\/2025\/01\/Exiphnes-hos-Platon-186x300.jpg\" alt=\"\" width=\"186\" height=\"300\" \/>Fredag d. 7. februar kl. 14 Dokk1,M2<\/p>\n<p>Opl\u00e6g af Henrik Klindt-Jensen<br \/>\nph.D. &amp; cand.mag. Filosofi<\/p>\n<p>Hos den klassiske filosof Platon betegner \u201dexaiphn\u00eas\u201d det \u00f8jeblik, hvor der \u00e5bnes for Ideerne \u2013 det Sk\u00f8nnes Id\u00e9 i dialogen <em>Symposion<\/em>, det godes i <em>Staten<\/em>. \u201dExaiphn\u00eas\u201d bliver ogs\u00e5 det \u00f8jeblik, hvor den pludselige forst\u00e5else af Platons tekster \u00e5bner sig efter samtaler og vejledning, i d. 7. brev.<\/p>\n<p>Det mystisk \u00f8jeblik kan j\u00e6vnf\u00f8res med det st\u00e5ende nu, \u201dnunc stans\u201d, hos Augustin og Bo\u00ebthius \u2013 men det er ikke helt det samme. Dertil er \u201dexaiphn\u00eas\u201d det pludselige \u00d8jeblik i Parmenides-dialogen, hvor enhed bliver mangefold, hvile bliver bev\u00e6gelse, ikke-v\u00e6ren bliver v\u00e6ren. Og dette begreb bliver baggrunden for Kierkegaards begreb om \u201d\u00d8jeblikket\u201d. \u201dExaiphn\u00eas\u201d tr\u00e6kker en esoterisk tr\u00e5d gennem Platons forfatterskab \u2013 karakteristisk nok under overs\u00e6ttelsernes overflade!<\/p>\n<p>Entr\u00e9 kr. 50,-<\/p>\n<p>&nbsp;<\/p>\n<p>&nbsp;<\/p>\n","protected":false},"excerpt":{"rendered":"<p>Fredag d. 7. februar kl. 14 Dokk1,M2 Opl\u00e6g af Henrik Klindt-Jensen ph.D. &amp; cand.mag. Filosofi Hos den klassiske filosof Platon betegner \u201dexaiphn\u00eas\u201d det \u00f8jeblik, hvor der \u00e5bnes for Ideerne \u2013&hellip; <br \/> <a class=\"read-more\" href=\"https:\/\/eebs.dk\/index.php\/exaiphnes-hos-platon\/\">Read more<\/a><\/p>\n","protected":false},"author":1,"featured_media":0,"parent":0,"menu_order":0,"comment_status":"closed","ping_status":"closed","template":"","meta":{"_monsterinsights_skip_tracking":false,"_monsterinsights_sitenote_active":false,"_monsterinsights_sitenote_note":"","_monsterinsights_sitenote_category":0,"footnotes":""},"class_list":["post-757","page","type-page","status-publish","hentry"],"aioseo_notices":[],"_links":{"self":[{"href":"https:\/\/eebs.dk\/index.php\/wp-json\/wp\/v2\/pages\/757","targetHints":{"allow":["GET"]}}],"collection":[{"href":"https:\/\/eebs.dk\/index.php\/wp-json\/wp\/v2\/pages"}],"about":[{"href":"https:\/\/eebs.dk\/index.php\/wp-json\/wp\/v2\/types\/page"}],"author":[{"embeddable":true,"href":"https:\/\/eebs.dk\/index.php\/wp-json\/wp\/v2\/users\/1"}],"replies":[{"embeddable":true,"href":"https:\/\/eebs.dk\/index.php\/wp-json\/wp\/v2\/comments?post=757"}],"version-history":[{"count":3,"href":"https:\/\/eebs.dk\/index.php\/wp-json\/wp\/v2\/pages\/757\/revisions"}],"predecessor-version":[{"id":761,"href":"https:\/\/eebs.dk\/index.php\/wp-json\/wp\/v2\/pages\/757\/revisions\/761"}],"wp:attachment":[{"href":"https:\/\/eebs.dk\/index.php\/wp-json\/wp\/v2\/media?parent=757"}],"curies":[{"name":"wp","href":"https:\/\/api.w.org\/{rel}","templated":true}]}}