{"id":82,"date":"2023-01-12T09:55:49","date_gmt":"2023-01-12T08:55:49","guid":{"rendered":"https:\/\/eebs.dk\/?page_id=82"},"modified":"2025-02-13T16:18:08","modified_gmt":"2025-02-13T15:18:08","slug":"natur-og-dyreetik-i-danmark","status":"publish","type":"page","link":"https:\/\/eebs.dk\/index.php\/natur-og-dyreetik-i-danmark\/","title":{"rendered":"Natur og Dyreetik i Danmark"},"content":{"rendered":"<h3><img loading=\"lazy\" decoding=\"async\" class=\"size-medium wp-image-293 alignleft\" src=\"https:\/\/eebs.dk\/wp-content\/uploads\/2023\/02\/28.februar-224x300.jpg\" alt=\"\" width=\"224\" height=\"300\" srcset=\"https:\/\/eebs.dk\/wp-content\/uploads\/2023\/02\/28.februar-224x300.jpg 224w, https:\/\/eebs.dk\/wp-content\/uploads\/2023\/02\/28.februar-765x1024.jpg 765w, https:\/\/eebs.dk\/wp-content\/uploads\/2023\/02\/28.februar-768x1028.jpg 768w, https:\/\/eebs.dk\/wp-content\/uploads\/2023\/02\/28.februar-807x1080.jpg 807w, https:\/\/eebs.dk\/wp-content\/uploads\/2023\/02\/28.februar.jpg 1000w\" sizes=\"auto, (max-width: 224px) 100vw, 224px\" \/>Fredag d. 28. Februar 2020 kl. 14.30<\/h3>\n<p>Natur og Dyreetik i Danmark<br \/>\naf Cand.mag. Filosofi Kristian-Alberto Lykke Cobos<\/p>\n<p align=\"JUSTIFY\">Foredraget omhandler vestens syn p\u00e5 naturen og dyrene i s\u00e6rdeleshed. Vi har oplevet en stor udvikling fra at se dyrene som sj\u00e6lel\u00f8se maskiner som blot bliver styret af stimulus til i dag at anerkende dyrs egne rettigheder. Kom og h\u00f8r om klassisk og moderne dyreetik, samt hvordan vores forst\u00e5else af naturen har udviklet sig. Og deltag i diskussionen om hvordan vi b\u00f8r behandle dyr og om det overhovedet er moralsk tilladeligt at spise dyr.<\/p>\n<p align=\"JUSTIFY\"><a href=\"https:\/\/dokk1.dk\/biblioteket\">Hovedbiblioteket Dokk1,U1<\/a><\/p>\n<p align=\"JUSTIFY\">Entr\u00e9 kr. 50<\/p>\n","protected":false},"excerpt":{"rendered":"<p>Fredag d. 28. Februar 2020 kl. 14.30 Natur og Dyreetik i Danmark af Cand.mag. Filosofi Kristian-Alberto Lykke Cobos Foredraget omhandler vestens syn p\u00e5 naturen og dyrene i s\u00e6rdeleshed. Vi har&hellip; <br \/> <a class=\"read-more\" href=\"https:\/\/eebs.dk\/index.php\/natur-og-dyreetik-i-danmark\/\">Read more<\/a><\/p>\n","protected":false},"author":1,"featured_media":0,"parent":0,"menu_order":0,"comment_status":"closed","ping_status":"closed","template":"","meta":{"_monsterinsights_skip_tracking":false,"_monsterinsights_sitenote_active":false,"_monsterinsights_sitenote_note":"","_monsterinsights_sitenote_category":0,"footnotes":""},"class_list":["post-82","page","type-page","status-publish","hentry"],"aioseo_notices":[],"_links":{"self":[{"href":"https:\/\/eebs.dk\/index.php\/wp-json\/wp\/v2\/pages\/82","targetHints":{"allow":["GET"]}}],"collection":[{"href":"https:\/\/eebs.dk\/index.php\/wp-json\/wp\/v2\/pages"}],"about":[{"href":"https:\/\/eebs.dk\/index.php\/wp-json\/wp\/v2\/types\/page"}],"author":[{"embeddable":true,"href":"https:\/\/eebs.dk\/index.php\/wp-json\/wp\/v2\/users\/1"}],"replies":[{"embeddable":true,"href":"https:\/\/eebs.dk\/index.php\/wp-json\/wp\/v2\/comments?post=82"}],"version-history":[{"count":3,"href":"https:\/\/eebs.dk\/index.php\/wp-json\/wp\/v2\/pages\/82\/revisions"}],"predecessor-version":[{"id":294,"href":"https:\/\/eebs.dk\/index.php\/wp-json\/wp\/v2\/pages\/82\/revisions\/294"}],"wp:attachment":[{"href":"https:\/\/eebs.dk\/index.php\/wp-json\/wp\/v2\/media?parent=82"}],"curies":[{"name":"wp","href":"https:\/\/api.w.org\/{rel}","templated":true}]}}