{"id":94,"date":"2023-01-12T10:14:32","date_gmt":"2023-01-12T09:14:32","guid":{"rendered":"https:\/\/eebs.dk\/?page_id=94"},"modified":"2025-02-13T16:13:18","modified_gmt":"2025-02-13T15:13:18","slug":"holistisk-landskabsokologi","status":"publish","type":"page","link":"https:\/\/eebs.dk\/index.php\/holistisk-landskabsokologi\/","title":{"rendered":"Holistisk Landskabs\u00f8kologi"},"content":{"rendered":"<p><span style=\"font-family: 'comic sans ms', sans-serif;\"><br \/>\n<\/span><span style=\"font-family: 'comic sans ms', sans-serif;\"><img loading=\"lazy\" decoding=\"async\" class=\"size-medium wp-image-281 alignleft\" src=\"https:\/\/eebs.dk\/wp-content\/uploads\/2023\/02\/HL-300x168.jpg\" alt=\"\" width=\"300\" height=\"168\" srcset=\"https:\/\/eebs.dk\/wp-content\/uploads\/2023\/02\/HL-300x168.jpg 300w, https:\/\/eebs.dk\/wp-content\/uploads\/2023\/02\/HL-768x430.jpg 768w, https:\/\/eebs.dk\/wp-content\/uploads\/2023\/02\/HL.jpg 1000w\" sizes=\"auto, (max-width: 300px) 100vw, 300px\" \/>L\u00f8rdag d. 24. oktober kl. 13.30<br \/>\n<\/span><span style=\"font-family: 'comic sans ms', sans-serif;\">Opl\u00e6g af Dr. phil. Steen Brock<br \/>\nAarhus Universitet<br \/>\n<\/span><\/p>\n<p><span style=\"font-family: 'book antiqua', palatino, serif; font-size: 20px;\">At samment\u00e6nke natur, samfund og menneske<\/span><\/p>\n<p><span style=\"font-family: 'comic sans ms', sans-serif;\">\u00a0<\/span><\/p>\n<p>&nbsp;<\/p>\n<p><span style=\"font-size: 16px;\"><a href=\"https:\/\/dokk1.dk\/\"><span style=\"font-family: 'book antiqua', palatino, serif;\"> \u00a0 \u00a0Hovedbiblioteket Dokk1,M2<\/span><\/a><\/span><\/p>\n","protected":false},"excerpt":{"rendered":"<p>L\u00f8rdag d. 24. oktober kl. 13.30 Opl\u00e6g af Dr. phil. Steen Brock Aarhus Universitet At samment\u00e6nke natur, samfund og menneske \u00a0 &nbsp; \u00a0 \u00a0Hovedbiblioteket Dokk1,M2<\/p>\n","protected":false},"author":1,"featured_media":0,"parent":0,"menu_order":0,"comment_status":"closed","ping_status":"closed","template":"","meta":{"_monsterinsights_skip_tracking":false,"_monsterinsights_sitenote_active":false,"_monsterinsights_sitenote_note":"","_monsterinsights_sitenote_category":0,"footnotes":""},"class_list":["post-94","page","type-page","status-publish","hentry"],"aioseo_notices":[],"_links":{"self":[{"href":"https:\/\/eebs.dk\/index.php\/wp-json\/wp\/v2\/pages\/94","targetHints":{"allow":["GET"]}}],"collection":[{"href":"https:\/\/eebs.dk\/index.php\/wp-json\/wp\/v2\/pages"}],"about":[{"href":"https:\/\/eebs.dk\/index.php\/wp-json\/wp\/v2\/types\/page"}],"author":[{"embeddable":true,"href":"https:\/\/eebs.dk\/index.php\/wp-json\/wp\/v2\/users\/1"}],"replies":[{"embeddable":true,"href":"https:\/\/eebs.dk\/index.php\/wp-json\/wp\/v2\/comments?post=94"}],"version-history":[{"count":3,"href":"https:\/\/eebs.dk\/index.php\/wp-json\/wp\/v2\/pages\/94\/revisions"}],"predecessor-version":[{"id":283,"href":"https:\/\/eebs.dk\/index.php\/wp-json\/wp\/v2\/pages\/94\/revisions\/283"}],"wp:attachment":[{"href":"https:\/\/eebs.dk\/index.php\/wp-json\/wp\/v2\/media?parent=94"}],"curies":[{"name":"wp","href":"https:\/\/api.w.org\/{rel}","templated":true}]}}