{"id":978,"date":"2025-10-15T10:48:00","date_gmt":"2025-10-15T08:48:00","guid":{"rendered":"https:\/\/eebs.dk\/?page_id=978"},"modified":"2025-10-15T10:48:00","modified_gmt":"2025-10-15T08:48:00","slug":"kierkegaards-stadier-i-livet","status":"publish","type":"page","link":"https:\/\/eebs.dk\/index.php\/kierkegaards-stadier-i-livet\/","title":{"rendered":"\u201dKierkegaards Stadier i Livet\u201d"},"content":{"rendered":"<p><img loading=\"lazy\" decoding=\"async\" class=\"size-medium wp-image-945 alignleft\" src=\"https:\/\/eebs.dk\/wp-content\/uploads\/2025\/08\/Kierkegaards-Stadier-i-Livet-300x298.jpg\" alt=\"\" width=\"300\" height=\"298\" srcset=\"https:\/\/eebs.dk\/wp-content\/uploads\/2025\/08\/Kierkegaards-Stadier-i-Livet-300x298.jpg 300w, https:\/\/eebs.dk\/wp-content\/uploads\/2025\/08\/Kierkegaards-Stadier-i-Livet-150x150.jpg 150w, https:\/\/eebs.dk\/wp-content\/uploads\/2025\/08\/Kierkegaards-Stadier-i-Livet-768x762.jpg 768w, https:\/\/eebs.dk\/wp-content\/uploads\/2025\/08\/Kierkegaards-Stadier-i-Livet.jpg 800w\" sizes=\"auto, (max-width: 300px) 100vw, 300px\" \/><\/p>\n<p>Opl\u00e6g af Henrik Klindt-Jensen<\/p>\n<p>Ph.d.- filosofi, Aarhus Universitet<\/p>\n<p>S\u00f8ren Kierkegaard s\u00e5 tre hovedstadier p\u00e5 livets vej: det \u00e6stetiske, det etiske og det religi\u00f8se. Han udformede det forskelligt med mellemstadier, og han opdelte de religi\u00f8se i to del-stadier. Det er ikke s\u00e5dan en pr\u00e6cis forskrift for, hvordan man skal leve \u2013 Kierkegaards eget \u201detiske stadium\u201d blev s\u00e5ledes et kort mellemspil. Stadiel\u00e6ren viser menneskets eksistens som dynamisk, vi skal tage imod livet og v\u00e6lge, afg\u00f8re os i det.<\/p>\n<p>Vi skal se n\u00f8jere p\u00e5 Kierkegaards fremstillinger af stadiel\u00e6ren, men ogs\u00e5 se bredere p\u00e5 dens betydning for menneskets eksistens.<\/p>\n<p>&nbsp;<\/p>\n","protected":false},"excerpt":{"rendered":"<p>Opl\u00e6g af Henrik Klindt-Jensen Ph.d.- filosofi, Aarhus Universitet S\u00f8ren Kierkegaard s\u00e5 tre hovedstadier p\u00e5 livets vej: det \u00e6stetiske, det etiske og det religi\u00f8se. Han udformede det forskelligt med mellemstadier, og&hellip; <br \/> <a class=\"read-more\" href=\"https:\/\/eebs.dk\/index.php\/kierkegaards-stadier-i-livet\/\">Read more<\/a><\/p>\n","protected":false},"author":1,"featured_media":0,"parent":0,"menu_order":0,"comment_status":"closed","ping_status":"closed","template":"","meta":{"_monsterinsights_skip_tracking":false,"_monsterinsights_sitenote_active":false,"_monsterinsights_sitenote_note":"","_monsterinsights_sitenote_category":0,"footnotes":""},"class_list":["post-978","page","type-page","status-publish","hentry"],"aioseo_notices":[],"_links":{"self":[{"href":"https:\/\/eebs.dk\/index.php\/wp-json\/wp\/v2\/pages\/978","targetHints":{"allow":["GET"]}}],"collection":[{"href":"https:\/\/eebs.dk\/index.php\/wp-json\/wp\/v2\/pages"}],"about":[{"href":"https:\/\/eebs.dk\/index.php\/wp-json\/wp\/v2\/types\/page"}],"author":[{"embeddable":true,"href":"https:\/\/eebs.dk\/index.php\/wp-json\/wp\/v2\/users\/1"}],"replies":[{"embeddable":true,"href":"https:\/\/eebs.dk\/index.php\/wp-json\/wp\/v2\/comments?post=978"}],"version-history":[{"count":1,"href":"https:\/\/eebs.dk\/index.php\/wp-json\/wp\/v2\/pages\/978\/revisions"}],"predecessor-version":[{"id":979,"href":"https:\/\/eebs.dk\/index.php\/wp-json\/wp\/v2\/pages\/978\/revisions\/979"}],"wp:attachment":[{"href":"https:\/\/eebs.dk\/index.php\/wp-json\/wp\/v2\/media?parent=978"}],"curies":[{"name":"wp","href":"https:\/\/api.w.org\/{rel}","templated":true}]}}